{"id":848,"date":"2019-11-26T12:07:24","date_gmt":"2019-11-26T11:07:24","guid":{"rendered":"https:\/\/drstein.at\/dr-sylvia-stein\/"},"modified":"2025-06-24T12:40:24","modified_gmt":"2025-06-24T10:40:24","slug":"dr-sylvia-stein","status":"publish","type":"page","link":"https:\/\/drstein.at\/en\/dr-sylvia-stein\/","title":{"rendered":"Dr. Sylvia Stein-Krumholz"},"content":{"rendered":"\n<div style=\"height:50px\" aria-hidden=\"true\" class=\"wp-block-spacer\"><\/div>\n\n\n\n<div class=\"wp-block-columns is-layout-flex wp-container-core-columns-is-layout-9d6595d7 wp-block-columns-is-layout-flex\">\n<div class=\"wp-block-column is-layout-flow wp-block-column-is-layout-flow\" style=\"flex-basis:60%\">\n<h2 class=\"wp-block-heading blue\">Dr. Sylvia Stein-Krumholz<\/h2>\n\n\n\n<div style=\"height:20px\" aria-hidden=\"true\" class=\"wp-block-spacer\"><\/div>\n\n\n\n<h4 class=\"wp-block-heading rose\">My areas of focus<\/h4>\n\n\n\n<p class=\"blue\"><strong>Adolescent health<\/strong><\/p>\n\n\n\n<p>Growth, nutrition, contraception, sexuality, weight problems, school problems, legal and illegal drugs<\/p>\n\n\n\n<p class=\"blue\"><strong>Psychosomatics<\/strong><\/p>\n\n\n\n<p> Diagnostic investigation of ailments that may have a psychological background. <\/p>\n\n\n\n<p class=\"blue\"><strong>Paediatrician<\/strong><\/p>\n\n\n\n<p>Internal treatment, vaccinations, nutritional advice, care advice, child guidance, maternity card examinations<\/p>\n\n\n\n<div style=\"height:40px\" aria-hidden=\"true\" class=\"wp-block-spacer\"><\/div>\n\n\n\n<p>All our services at a glance<\/p>\n\n\n\n<div class=\"wp-block-ugb-button ugb-button-wrapper ugb-20d6a03 ugb-main-block\"><style>.ugb-20d6a03 .ugb-block-content{justify-content:flex-start !important}.ugb-20d6a03 .ugb-block-content .ugb-button{border-radius:0px}.ugb-20d6a03 .ugb-button1{background-color:#639b42;padding-right:50px;padding-left:50px;opacity:0.7;border-radius:0px !important}.ugb-20d6a03 .ugb-button1 .ugb-button--inner,.ugb-20d6a03 .ugb-button1 svg:not(.ugb-custom-icon){color:#ffffff !important}.ugb-20d6a03 .ugb-button1:before{border-radius:0px !important}.ugb-20d6a03 .ugb-inner-block{text-align:left}<\/style><div class=\"ugb-inner-block\"><div class=\"ugb-block-content\"><div class=\"ugb-button-container\"><a class=\"ugb-button1 ugb-button ugb-button--size-normal\" href=\"https:\/\/drstein.at\/en\/services\/\" rel=\"\" title=\"\"><span class=\"ugb-button--inner\">SERVICES<\/span><\/a><\/div><\/div><\/div><\/div>\n<\/div>\n\n\n\n<div class=\"wp-block-column is-layout-flow wp-block-column-is-layout-flow\" style=\"flex-basis:40%\">\n<h3 class=\"wp-block-heading blue\">Ordinationszeiten<\/h3>\n\n\n\n<figure class=\"wp-block-table ordi\"><table><tbody><tr><td>MON<\/td><td>09:00 &#8211; 15:00 <\/td><\/tr><tr><td>TUE<\/td><td>13:30 &#8211; 19:30 <\/td><\/tr><tr><td>WED<\/td><td>09:00 &#8211; 15:00 <\/td><\/tr><tr><td>TUE<\/td><td>13:30 &#8211; 19:30 <\/td><\/tr><\/tbody><\/table><\/figure>\n\n\n\n<p><strong>Only by prior telephonic arrangement or online booking <\/strong><\/p>\n\n\n\n<div style=\"height:20px\" aria-hidden=\"true\" class=\"wp-block-spacer\"><\/div>\n\n\n\n<p class=\"rose\"><a href=\"tel:+4315132997\"><strong>Tel: 01\/ 513 29 97<\/strong><\/a><\/p>\n\n\n\n<p class=\"booking blue-bg\"><a href=\"https:\/\/drstein.at\/en\/book-appointment\/\" target=\"_blank\" rel=\"noreferrer noopener\">Book appointment<\/a><\/p>\n\n\n\n<div style=\"height:40px\" aria-hidden=\"true\" class=\"wp-block-spacer\"><\/div>\n\n\n\n<div class=\"alignfull wp-block-ugb-container ugb-container angebot-box ugb-container--width-small ugb-4c78016 ugb-container--v2 ugb-container--design-plain ugb-main-block ugb-main-block--inner-center ugb--has-block-background\"><style>.ugb-4c78016 h1,.ugb-4c78016 h2,.ugb-4c78016 h3,.ugb-4c78016 h4,.ugb-4c78016 h5,.ugb-4c78016 h6{color:#ffffff}.ugb-4c78016-content-wrapper > h1,.ugb-4c78016-content-wrapper > h2,.ugb-4c78016-content-wrapper > h3,.ugb-4c78016-content-wrapper > h4,.ugb-4c78016-content-wrapper > h5,.ugb-4c78016-content-wrapper > h6{color:#ffffff}.ugb-4c78016.ugb-container{background-color:#0c92ba}.ugb-4c78016.ugb-container:before{background-color:#0c92ba}<\/style><div class=\"ugb-inner-block ugb-inner-block--center\"><div class=\"ugb-block-content\"><div class=\"ugb-container__wrapper ugb-4c78016-wrapper\"><div class=\"ugb-container__side\"><div class=\"ugb-container__content-wrapper ugb-4c78016-content-wrapper\">\n<h5 class=\"wp-block-heading\">CONSULTATIONS FOR ADOLESCENTS<\/h5>\n\n\n\n<h6 class=\"wp-block-heading\">Topics that affect you <\/h6>\n\n\n\n<p><strong>Tel: 01\/ 513 29 97<\/strong><\/p>\n\n\n\n<p><strong>You can send me an email:<\/strong> <a href=\"mailto:ordination@drstein.at\"><strong>ordination@drstein.at<\/strong><\/a><\/p>\n\n\n\n<p>I am bound to the obligation of medical confidentiality.<\/p>\n<\/div><\/div><\/div><\/div><\/div><\/div>\n<\/div>\n<\/div>\n\n\n\n<div style=\"height:50px\" aria-hidden=\"true\" class=\"wp-block-spacer\"><\/div>\n\n\n\n<figure class=\"wp-block-gallery columns-3 is-cropped wp-block-gallery-1 is-layout-flex wp-block-gallery-is-layout-flex\"><ul class=\"blocks-gallery-grid\"><li class=\"blocks-gallery-item\"><figure><a href=\"https:\/\/drstein.at\/wp-content\/uploads\/2020\/06\/Bildergalerie-DrStein-0013.jpg\"><img loading=\"lazy\" decoding=\"async\" width=\"1024\" height=\"683\" src=\"https:\/\/drstein.at\/wp-content\/uploads\/2020\/06\/Bildergalerie-DrStein-0013-1024x683.jpg\" alt=\"\" data-id=\"1133\" data-full-url=\"https:\/\/drstein.at\/wp-content\/uploads\/2020\/06\/Bildergalerie-DrStein-0013.jpg\" data-link=\"https:\/\/drstein.at\/dr-sylvia-stein\/bildergalerie-drstein-0013\/\" class=\"wp-image-1133\" srcset=\"https:\/\/drstein.at\/wp-content\/uploads\/2020\/06\/Bildergalerie-DrStein-0013-1024x683.jpg 1024w, https:\/\/drstein.at\/wp-content\/uploads\/2020\/06\/Bildergalerie-DrStein-0013-300x200.jpg 300w, https:\/\/drstein.at\/wp-content\/uploads\/2020\/06\/Bildergalerie-DrStein-0013-768x512.jpg 768w, https:\/\/drstein.at\/wp-content\/uploads\/2020\/06\/Bildergalerie-DrStein-0013.jpg 1200w\" sizes=\"auto, (max-width: 1024px) 100vw, 1024px\" \/><\/a><\/figure><\/li><li class=\"blocks-gallery-item\"><figure><a href=\"https:\/\/drstein.at\/wp-content\/uploads\/2020\/06\/Bildergalerie-DrStein-0030.jpg\"><img loading=\"lazy\" decoding=\"async\" width=\"1024\" height=\"683\" src=\"https:\/\/drstein.at\/wp-content\/uploads\/2020\/06\/Bildergalerie-DrStein-0030-1024x683.jpg\" alt=\"\" data-id=\"1135\" data-full-url=\"https:\/\/drstein.at\/wp-content\/uploads\/2020\/06\/Bildergalerie-DrStein-0030.jpg\" data-link=\"https:\/\/drstein.at\/dr-sylvia-stein\/bildergalerie-drstein-0030\/\" class=\"wp-image-1135\" srcset=\"https:\/\/drstein.at\/wp-content\/uploads\/2020\/06\/Bildergalerie-DrStein-0030-1024x683.jpg 1024w, https:\/\/drstein.at\/wp-content\/uploads\/2020\/06\/Bildergalerie-DrStein-0030-300x200.jpg 300w, https:\/\/drstein.at\/wp-content\/uploads\/2020\/06\/Bildergalerie-DrStein-0030-768x512.jpg 768w, https:\/\/drstein.at\/wp-content\/uploads\/2020\/06\/Bildergalerie-DrStein-0030.jpg 1200w\" sizes=\"auto, (max-width: 1024px) 100vw, 1024px\" \/><\/a><\/figure><\/li><li class=\"blocks-gallery-item\"><figure><a href=\"https:\/\/drstein.at\/wp-content\/uploads\/2020\/06\/Bildergalerie-DrStein-0036.jpg\"><img loading=\"lazy\" decoding=\"async\" width=\"1024\" height=\"683\" src=\"https:\/\/drstein.at\/wp-content\/uploads\/2020\/06\/Bildergalerie-DrStein-0036-1024x683.jpg\" alt=\"\" data-id=\"1137\" data-full-url=\"https:\/\/drstein.at\/wp-content\/uploads\/2020\/06\/Bildergalerie-DrStein-0036.jpg\" data-link=\"https:\/\/drstein.at\/dr-sylvia-stein\/bildergalerie-drstein-0036\/\" class=\"wp-image-1137\" srcset=\"https:\/\/drstein.at\/wp-content\/uploads\/2020\/06\/Bildergalerie-DrStein-0036-1024x683.jpg 1024w, https:\/\/drstein.at\/wp-content\/uploads\/2020\/06\/Bildergalerie-DrStein-0036-300x200.jpg 300w, https:\/\/drstein.at\/wp-content\/uploads\/2020\/06\/Bildergalerie-DrStein-0036-768x512.jpg 768w, https:\/\/drstein.at\/wp-content\/uploads\/2020\/06\/Bildergalerie-DrStein-0036.jpg 1200w\" sizes=\"auto, (max-width: 1024px) 100vw, 1024px\" \/><\/a><\/figure><\/li><li class=\"blocks-gallery-item\"><figure><a href=\"https:\/\/drstein.at\/wp-content\/uploads\/2020\/06\/Bildergalerie-DrStein-0042.jpg\"><img loading=\"lazy\" decoding=\"async\" width=\"1024\" height=\"683\" src=\"https:\/\/drstein.at\/wp-content\/uploads\/2020\/06\/Bildergalerie-DrStein-0042-1024x683.jpg\" alt=\"\" data-id=\"1139\" data-full-url=\"https:\/\/drstein.at\/wp-content\/uploads\/2020\/06\/Bildergalerie-DrStein-0042.jpg\" data-link=\"https:\/\/drstein.at\/dr-sylvia-stein\/bildergalerie-drstein-0042\/\" class=\"wp-image-1139\" srcset=\"https:\/\/drstein.at\/wp-content\/uploads\/2020\/06\/Bildergalerie-DrStein-0042-1024x683.jpg 1024w, https:\/\/drstein.at\/wp-content\/uploads\/2020\/06\/Bildergalerie-DrStein-0042-300x200.jpg 300w, https:\/\/drstein.at\/wp-content\/uploads\/2020\/06\/Bildergalerie-DrStein-0042-768x512.jpg 768w, https:\/\/drstein.at\/wp-content\/uploads\/2020\/06\/Bildergalerie-DrStein-0042.jpg 1200w\" sizes=\"auto, (max-width: 1024px) 100vw, 1024px\" \/><\/a><\/figure><\/li><li class=\"blocks-gallery-item\"><figure><a href=\"https:\/\/drstein.at\/wp-content\/uploads\/2020\/06\/Bildergalerie-DrStein-0051.jpg\"><img loading=\"lazy\" decoding=\"async\" width=\"1024\" height=\"683\" src=\"https:\/\/drstein.at\/wp-content\/uploads\/2020\/06\/Bildergalerie-DrStein-0051-1024x683.jpg\" alt=\"\" data-id=\"1141\" data-full-url=\"https:\/\/drstein.at\/wp-content\/uploads\/2020\/06\/Bildergalerie-DrStein-0051.jpg\" data-link=\"https:\/\/drstein.at\/dr-sylvia-stein\/bildergalerie-drstein-0051\/\" class=\"wp-image-1141\" srcset=\"https:\/\/drstein.at\/wp-content\/uploads\/2020\/06\/Bildergalerie-DrStein-0051-1024x683.jpg 1024w, https:\/\/drstein.at\/wp-content\/uploads\/2020\/06\/Bildergalerie-DrStein-0051-300x200.jpg 300w, https:\/\/drstein.at\/wp-content\/uploads\/2020\/06\/Bildergalerie-DrStein-0051-768x512.jpg 768w, https:\/\/drstein.at\/wp-content\/uploads\/2020\/06\/Bildergalerie-DrStein-0051.jpg 1200w\" sizes=\"auto, (max-width: 1024px) 100vw, 1024px\" \/><\/a><\/figure><\/li><li class=\"blocks-gallery-item\"><figure><a href=\"https:\/\/drstein.at\/wp-content\/uploads\/2020\/06\/Bildergalerie-DrStein-0060.jpg\"><img loading=\"lazy\" decoding=\"async\" width=\"683\" height=\"1024\" src=\"https:\/\/drstein.at\/wp-content\/uploads\/2020\/06\/Bildergalerie-DrStein-0060-683x1024.jpg\" alt=\"\" data-id=\"1143\" data-full-url=\"https:\/\/drstein.at\/wp-content\/uploads\/2020\/06\/Bildergalerie-DrStein-0060.jpg\" data-link=\"https:\/\/drstein.at\/dr-sylvia-stein\/bildergalerie-drstein-0060\/\" class=\"wp-image-1143\" srcset=\"https:\/\/drstein.at\/wp-content\/uploads\/2020\/06\/Bildergalerie-DrStein-0060-683x1024.jpg 683w, https:\/\/drstein.at\/wp-content\/uploads\/2020\/06\/Bildergalerie-DrStein-0060-200x300.jpg 200w, https:\/\/drstein.at\/wp-content\/uploads\/2020\/06\/Bildergalerie-DrStein-0060-768x1152.jpg 768w, https:\/\/drstein.at\/wp-content\/uploads\/2020\/06\/Bildergalerie-DrStein-0060.jpg 800w\" sizes=\"auto, (max-width: 683px) 100vw, 683px\" \/><\/a><\/figure><\/li><li class=\"blocks-gallery-item\"><figure><a href=\"https:\/\/drstein.at\/wp-content\/uploads\/2020\/06\/Bildergalerie-DrStein-0068.jpg\"><img loading=\"lazy\" decoding=\"async\" width=\"1024\" height=\"683\" src=\"https:\/\/drstein.at\/wp-content\/uploads\/2020\/06\/Bildergalerie-DrStein-0068-1024x683.jpg\" alt=\"\" data-id=\"1145\" data-full-url=\"https:\/\/drstein.at\/wp-content\/uploads\/2020\/06\/Bildergalerie-DrStein-0068.jpg\" data-link=\"https:\/\/drstein.at\/dr-sylvia-stein\/bildergalerie-drstein-0068\/\" class=\"wp-image-1145\" srcset=\"https:\/\/drstein.at\/wp-content\/uploads\/2020\/06\/Bildergalerie-DrStein-0068-1024x683.jpg 1024w, https:\/\/drstein.at\/wp-content\/uploads\/2020\/06\/Bildergalerie-DrStein-0068-300x200.jpg 300w, https:\/\/drstein.at\/wp-content\/uploads\/2020\/06\/Bildergalerie-DrStein-0068-768x512.jpg 768w, https:\/\/drstein.at\/wp-content\/uploads\/2020\/06\/Bildergalerie-DrStein-0068.jpg 1200w\" sizes=\"auto, (max-width: 1024px) 100vw, 1024px\" \/><\/a><\/figure><\/li><li class=\"blocks-gallery-item\"><figure><a href=\"https:\/\/drstein.at\/wp-content\/uploads\/2020\/06\/Bildergalerie-DrStein-0073.jpg\"><img loading=\"lazy\" decoding=\"async\" width=\"684\" height=\"1024\" src=\"https:\/\/drstein.at\/wp-content\/uploads\/2020\/06\/Bildergalerie-DrStein-0073-684x1024.jpg\" alt=\"\" data-id=\"1147\" data-full-url=\"https:\/\/drstein.at\/wp-content\/uploads\/2020\/06\/Bildergalerie-DrStein-0073.jpg\" data-link=\"https:\/\/drstein.at\/dr-sylvia-stein\/bildergalerie-drstein-0073\/\" class=\"wp-image-1147\" srcset=\"https:\/\/drstein.at\/wp-content\/uploads\/2020\/06\/Bildergalerie-DrStein-0073-684x1024.jpg 684w, https:\/\/drstein.at\/wp-content\/uploads\/2020\/06\/Bildergalerie-DrStein-0073-200x300.jpg 200w, https:\/\/drstein.at\/wp-content\/uploads\/2020\/06\/Bildergalerie-DrStein-0073-768x1151.jpg 768w, https:\/\/drstein.at\/wp-content\/uploads\/2020\/06\/Bildergalerie-DrStein-0073.jpg 801w\" sizes=\"auto, (max-width: 684px) 100vw, 684px\" \/><\/a><\/figure><\/li><li class=\"blocks-gallery-item\"><figure><a href=\"https:\/\/drstein.at\/wp-content\/uploads\/2020\/06\/drstein-drlist-home-praxis1010-0005.jpg\"><img loading=\"lazy\" decoding=\"async\" width=\"1024\" height=\"683\" src=\"https:\/\/drstein.at\/wp-content\/uploads\/2020\/06\/drstein-drlist-home-praxis1010-0005-1024x683.jpg\" alt=\"\" data-id=\"1078\" data-full-url=\"https:\/\/drstein.at\/wp-content\/uploads\/2020\/06\/drstein-drlist-home-praxis1010-0005.jpg\" data-link=\"https:\/\/drstein.at\/en\/startseite\/drstein-drlist-home-praxis1010-0005-2\/\" class=\"wp-image-1078\" srcset=\"https:\/\/drstein.at\/wp-content\/uploads\/2020\/06\/drstein-drlist-home-praxis1010-0005-1024x683.jpg 1024w, https:\/\/drstein.at\/wp-content\/uploads\/2020\/06\/drstein-drlist-home-praxis1010-0005-300x200.jpg 300w, https:\/\/drstein.at\/wp-content\/uploads\/2020\/06\/drstein-drlist-home-praxis1010-0005-768x512.jpg 768w, https:\/\/drstein.at\/wp-content\/uploads\/2020\/06\/drstein-drlist-home-praxis1010-0005-1536x1024.jpg 1536w, https:\/\/drstein.at\/wp-content\/uploads\/2020\/06\/drstein-drlist-home-praxis1010-0005.jpg 1600w\" sizes=\"auto, (max-width: 1024px) 100vw, 1024px\" \/><\/a><\/figure><\/li><\/ul><\/figure>\n","protected":false},"excerpt":{"rendered":"<p>Dr. Sylvia Stein-Krumholz My areas of focus Adolescent health Growth, nutrition, contraception, sexuality, weight problems, school problems, legal and illegal drugs Psychosomatics Diagnostic investigation of ailments that may have a psychological background. Paediatrician Internal treatment, vaccinations, nutritional advice, care advice, child guidance, maternity card examinations All our services at a glance SERVICES Ordinationszeiten MON 09:00 [&hellip;]<\/p>\n","protected":false},"author":1,"featured_media":1132,"parent":0,"menu_order":0,"comment_status":"closed","ping_status":"closed","template":"","meta":{"footnotes":""},"class_list":["post-848","page","type-page","status-publish","has-post-thumbnail","hentry"],"featured_image_urls_v2":{"full":["https:\/\/drstein.at\/wp-content\/uploads\/2020\/06\/Dr.SylviaStein-Krumholz-0049.jpg",1600,1067,false],"thumbnail":["https:\/\/drstein.at\/wp-content\/uploads\/2020\/06\/Dr.SylviaStein-Krumholz-0049-150x150.jpg",150,150,true],"medium":["https:\/\/drstein.at\/wp-content\/uploads\/2020\/06\/Dr.SylviaStein-Krumholz-0049-300x200.jpg",300,200,true],"medium_large":["https:\/\/drstein.at\/wp-content\/uploads\/2020\/06\/Dr.SylviaStein-Krumholz-0049-768x512.jpg",768,512,true],"large":["https:\/\/drstein.at\/wp-content\/uploads\/2020\/06\/Dr.SylviaStein-Krumholz-0049-1024x683.jpg",1024,683,true],"1536x1536":["https:\/\/drstein.at\/wp-content\/uploads\/2020\/06\/Dr.SylviaStein-Krumholz-0049-1536x1024.jpg",1536,1024,true],"2048x2048":["https:\/\/drstein.at\/wp-content\/uploads\/2020\/06\/Dr.SylviaStein-Krumholz-0049.jpg",1600,1067,false]},"post_excerpt_stackable_v2":"<p>Dr. Sylvia Stein-Krumholz My areas of focus Adolescent health Growth, nutrition, contraception, sexuality, weight problems, school problems, legal and illegal drugs Psychosomatics Diagnostic investigation of ailments that may have a psychological background. Paediatrician Internal treatment, vaccinations, nutritional advice, care advice, child guidance, maternity card examinations All our services at a glance SERVICES Ordinationszeiten MON09:00 &#8211; 15:00 TUE13:30 &#8211; 19:30 WED09:00 &#8211; 15:00 TUE13:30 &#8211; 19:30 Only by prior telephonic arrangement or online booking Tel: 01\/ 513 29 97 Book appointment CONSULTATIONS FOR ADOLESCENTS Topics that affect you Tel: 01\/ 513 29 97 You can send me an email: ordination@drstein.at I&hellip;<\/p>\n","category_list_v2":"","author_info_v2":{"name":"HaaSon","url":"https:\/\/drstein.at\/en\/author\/haason\/"},"comments_num_v2":"0 comments","yoast_head":"<title>Dr. Sylvia Stein-Krumholz Kinder\u00e4rztin Gemeinschaftspraxis Wollzeile 12<\/title>\n<meta name=\"description\" content=\"Kinder\u00e4rztin, Jugendmedizin, Psychosomatik. PatientInnen von 0-18 Jahren, sowie Beratung f\u00fcr deren Angeh\u00f6rige und Betreuungspersonen. Jugendsprechstunde.\" \/>\n<meta name=\"robots\" content=\"index, follow, max-snippet:-1, max-image-preview:large, max-video-preview:-1\" \/>\n<link rel=\"canonical\" href=\"https:\/\/drstein.at\/en\/dr-sylvia-stein\/\" \/>\n<meta property=\"og:locale\" content=\"en_US\" \/>\n<meta property=\"og:type\" content=\"article\" \/>\n<meta property=\"og:title\" content=\"Dr. Sylvia Stein-Krumholz Kinder\u00e4rztin Gemeinschaftspraxis Wollzeile 12\" \/>\n<meta property=\"og:description\" content=\"Kinder\u00e4rztin, Jugendmedizin, Psychosomatik. PatientInnen von 0-18 Jahren, sowie Beratung f\u00fcr deren Angeh\u00f6rige und Betreuungspersonen. Jugendsprechstunde.\" \/>\n<meta property=\"og:url\" content=\"https:\/\/drstein.at\/en\/dr-sylvia-stein\/\" \/>\n<meta property=\"og:site_name\" content=\"Dr. Stein-Krumholz - Kinder\u00e4rztin in der Wollzeile\" \/>\n<meta property=\"article:modified_time\" content=\"2025-06-24T10:40:24+00:00\" \/>\n<meta property=\"og:image\" content=\"https:\/\/drstein.at\/wp-content\/uploads\/2020\/06\/Dr.SylviaStein-Krumholz-0049.jpg\" \/>\n\t<meta property=\"og:image:width\" content=\"1600\" \/>\n\t<meta property=\"og:image:height\" content=\"1067\" \/>\n\t<meta property=\"og:image:type\" content=\"image\/jpeg\" \/>\n<meta name=\"twitter:card\" content=\"summary_large_image\" \/>\n<meta name=\"twitter:label1\" content=\"Est. reading time\" \/>\n\t<meta name=\"twitter:data1\" content=\"3 minutes\" \/>\n<script type=\"application\/ld+json\" class=\"yoast-schema-graph\">{\"@context\":\"https:\\\/\\\/schema.org\",\"@graph\":[{\"@type\":\"WebPage\",\"@id\":\"https:\\\/\\\/drstein.at\\\/en\\\/dr-sylvia-stein\\\/\",\"url\":\"https:\\\/\\\/drstein.at\\\/en\\\/dr-sylvia-stein\\\/\",\"name\":\"Dr. Sylvia Stein-Krumholz Kinder\u00e4rztin Gemeinschaftspraxis Wollzeile 12\",\"isPartOf\":{\"@id\":\"https:\\\/\\\/drstein.at\\\/en\\\/#website\"},\"primaryImageOfPage\":{\"@id\":\"https:\\\/\\\/drstein.at\\\/en\\\/dr-sylvia-stein\\\/#primaryimage\"},\"image\":{\"@id\":\"https:\\\/\\\/drstein.at\\\/en\\\/dr-sylvia-stein\\\/#primaryimage\"},\"thumbnailUrl\":\"https:\\\/\\\/drstein.at\\\/wp-content\\\/uploads\\\/2020\\\/06\\\/Dr.SylviaStein-Krumholz-0049.jpg\",\"datePublished\":\"2019-11-26T11:07:24+00:00\",\"dateModified\":\"2025-06-24T10:40:24+00:00\",\"description\":\"Kinder\u00e4rztin, Jugendmedizin, Psychosomatik. PatientInnen von 0-18 Jahren, sowie Beratung f\u00fcr deren Angeh\u00f6rige und Betreuungspersonen. Jugendsprechstunde.\",\"breadcrumb\":{\"@id\":\"https:\\\/\\\/drstein.at\\\/en\\\/dr-sylvia-stein\\\/#breadcrumb\"},\"inLanguage\":\"en-US\",\"potentialAction\":[{\"@type\":\"ReadAction\",\"target\":[\"https:\\\/\\\/drstein.at\\\/en\\\/dr-sylvia-stein\\\/\"]}]},{\"@type\":\"ImageObject\",\"inLanguage\":\"en-US\",\"@id\":\"https:\\\/\\\/drstein.at\\\/en\\\/dr-sylvia-stein\\\/#primaryimage\",\"url\":\"https:\\\/\\\/drstein.at\\\/wp-content\\\/uploads\\\/2020\\\/06\\\/Dr.SylviaStein-Krumholz-0049.jpg\",\"contentUrl\":\"https:\\\/\\\/drstein.at\\\/wp-content\\\/uploads\\\/2020\\\/06\\\/Dr.SylviaStein-Krumholz-0049.jpg\",\"width\":1600,\"height\":1067,\"caption\":\"Dr. Sylvia Stein-Krumholz - Ordinationsraum\"},{\"@type\":\"BreadcrumbList\",\"@id\":\"https:\\\/\\\/drstein.at\\\/en\\\/dr-sylvia-stein\\\/#breadcrumb\",\"itemListElement\":[{\"@type\":\"ListItem\",\"position\":1,\"name\":\"Startseite\",\"item\":\"https:\\\/\\\/drstein.at\\\/en\\\/\"},{\"@type\":\"ListItem\",\"position\":2,\"name\":\"Dr. Sylvia Stein-Krumholz\"}]},{\"@type\":\"WebSite\",\"@id\":\"https:\\\/\\\/drstein.at\\\/en\\\/#website\",\"url\":\"https:\\\/\\\/drstein.at\\\/en\\\/\",\"name\":\"Dr. Stein-Krumholz - Kinder\u00e4rztin in der Wollzeile\",\"description\":\"Kinderarzt in Wien 1010, Wollzeile 12\",\"publisher\":{\"@id\":\"https:\\\/\\\/drstein.at\\\/en\\\/#organization\"},\"potentialAction\":[{\"@type\":\"SearchAction\",\"target\":{\"@type\":\"EntryPoint\",\"urlTemplate\":\"https:\\\/\\\/drstein.at\\\/en\\\/?s={search_term_string}\"},\"query-input\":{\"@type\":\"PropertyValueSpecification\",\"valueRequired\":true,\"valueName\":\"search_term_string\"}}],\"inLanguage\":\"en-US\"},{\"@type\":\"Organization\",\"@id\":\"https:\\\/\\\/drstein.at\\\/en\\\/#organization\",\"name\":\"Dr. Sylvia Stein - Dr. Silvia List | Kinder\u00e4rztinnen in der Wollzeile\",\"url\":\"https:\\\/\\\/drstein.at\\\/en\\\/\",\"logo\":{\"@type\":\"ImageObject\",\"inLanguage\":\"en-US\",\"@id\":\"https:\\\/\\\/drstein.at\\\/en\\\/#\\\/schema\\\/logo\\\/image\\\/\",\"url\":\"https:\\\/\\\/drstein.at\\\/wp-content\\\/uploads\\\/2019\\\/12\\\/dr-stein-dr-list.jpg\",\"contentUrl\":\"https:\\\/\\\/drstein.at\\\/wp-content\\\/uploads\\\/2019\\\/12\\\/dr-stein-dr-list.jpg\",\"width\":1500,\"height\":800,\"caption\":\"Dr. Sylvia Stein - Dr. Silvia List | Kinder\u00e4rztinnen in der Wollzeile\"},\"image\":{\"@id\":\"https:\\\/\\\/drstein.at\\\/en\\\/#\\\/schema\\\/logo\\\/image\\\/\"}}]}<\/script>","yoast_head_json":{"title":"Dr. Sylvia Stein-Krumholz Kinder\u00e4rztin Gemeinschaftspraxis Wollzeile 12","description":"Kinder\u00e4rztin, Jugendmedizin, Psychosomatik. PatientInnen von 0-18 Jahren, sowie Beratung f\u00fcr deren Angeh\u00f6rige und Betreuungspersonen. Jugendsprechstunde.","robots":{"index":"index","follow":"follow","max-snippet":"max-snippet:-1","max-image-preview":"max-image-preview:large","max-video-preview":"max-video-preview:-1"},"canonical":"https:\/\/drstein.at\/en\/dr-sylvia-stein\/","og_locale":"en_US","og_type":"article","og_title":"Dr. Sylvia Stein-Krumholz Kinder\u00e4rztin Gemeinschaftspraxis Wollzeile 12","og_description":"Kinder\u00e4rztin, Jugendmedizin, Psychosomatik. PatientInnen von 0-18 Jahren, sowie Beratung f\u00fcr deren Angeh\u00f6rige und Betreuungspersonen. Jugendsprechstunde.","og_url":"https:\/\/drstein.at\/en\/dr-sylvia-stein\/","og_site_name":"Dr. Stein-Krumholz - Kinder\u00e4rztin in der Wollzeile","article_modified_time":"2025-06-24T10:40:24+00:00","og_image":[{"width":1600,"height":1067,"url":"https:\/\/drstein.at\/wp-content\/uploads\/2020\/06\/Dr.SylviaStein-Krumholz-0049.jpg","type":"image\/jpeg"}],"twitter_card":"summary_large_image","twitter_misc":{"Est. reading time":"3 minutes"},"schema":{"@context":"https:\/\/schema.org","@graph":[{"@type":"WebPage","@id":"https:\/\/drstein.at\/en\/dr-sylvia-stein\/","url":"https:\/\/drstein.at\/en\/dr-sylvia-stein\/","name":"Dr. Sylvia Stein-Krumholz Kinder\u00e4rztin Gemeinschaftspraxis Wollzeile 12","isPartOf":{"@id":"https:\/\/drstein.at\/en\/#website"},"primaryImageOfPage":{"@id":"https:\/\/drstein.at\/en\/dr-sylvia-stein\/#primaryimage"},"image":{"@id":"https:\/\/drstein.at\/en\/dr-sylvia-stein\/#primaryimage"},"thumbnailUrl":"https:\/\/drstein.at\/wp-content\/uploads\/2020\/06\/Dr.SylviaStein-Krumholz-0049.jpg","datePublished":"2019-11-26T11:07:24+00:00","dateModified":"2025-06-24T10:40:24+00:00","description":"Kinder\u00e4rztin, Jugendmedizin, Psychosomatik. PatientInnen von 0-18 Jahren, sowie Beratung f\u00fcr deren Angeh\u00f6rige und Betreuungspersonen. Jugendsprechstunde.","breadcrumb":{"@id":"https:\/\/drstein.at\/en\/dr-sylvia-stein\/#breadcrumb"},"inLanguage":"en-US","potentialAction":[{"@type":"ReadAction","target":["https:\/\/drstein.at\/en\/dr-sylvia-stein\/"]}]},{"@type":"ImageObject","inLanguage":"en-US","@id":"https:\/\/drstein.at\/en\/dr-sylvia-stein\/#primaryimage","url":"https:\/\/drstein.at\/wp-content\/uploads\/2020\/06\/Dr.SylviaStein-Krumholz-0049.jpg","contentUrl":"https:\/\/drstein.at\/wp-content\/uploads\/2020\/06\/Dr.SylviaStein-Krumholz-0049.jpg","width":1600,"height":1067,"caption":"Dr. Sylvia Stein-Krumholz - Ordinationsraum"},{"@type":"BreadcrumbList","@id":"https:\/\/drstein.at\/en\/dr-sylvia-stein\/#breadcrumb","itemListElement":[{"@type":"ListItem","position":1,"name":"Startseite","item":"https:\/\/drstein.at\/en\/"},{"@type":"ListItem","position":2,"name":"Dr. Sylvia Stein-Krumholz"}]},{"@type":"WebSite","@id":"https:\/\/drstein.at\/en\/#website","url":"https:\/\/drstein.at\/en\/","name":"Dr. Stein-Krumholz - Kinder\u00e4rztin in der Wollzeile","description":"Kinderarzt in Wien 1010, Wollzeile 12","publisher":{"@id":"https:\/\/drstein.at\/en\/#organization"},"potentialAction":[{"@type":"SearchAction","target":{"@type":"EntryPoint","urlTemplate":"https:\/\/drstein.at\/en\/?s={search_term_string}"},"query-input":{"@type":"PropertyValueSpecification","valueRequired":true,"valueName":"search_term_string"}}],"inLanguage":"en-US"},{"@type":"Organization","@id":"https:\/\/drstein.at\/en\/#organization","name":"Dr. Sylvia Stein - Dr. Silvia List | Kinder\u00e4rztinnen in der Wollzeile","url":"https:\/\/drstein.at\/en\/","logo":{"@type":"ImageObject","inLanguage":"en-US","@id":"https:\/\/drstein.at\/en\/#\/schema\/logo\/image\/","url":"https:\/\/drstein.at\/wp-content\/uploads\/2019\/12\/dr-stein-dr-list.jpg","contentUrl":"https:\/\/drstein.at\/wp-content\/uploads\/2019\/12\/dr-stein-dr-list.jpg","width":1500,"height":800,"caption":"Dr. Sylvia Stein - Dr. Silvia List | Kinder\u00e4rztinnen in der Wollzeile"},"image":{"@id":"https:\/\/drstein.at\/en\/#\/schema\/logo\/image\/"}}]}},"_links":{"self":[{"href":"https:\/\/drstein.at\/en\/wp-json\/wp\/v2\/pages\/848","targetHints":{"allow":["GET"]}}],"collection":[{"href":"https:\/\/drstein.at\/en\/wp-json\/wp\/v2\/pages"}],"about":[{"href":"https:\/\/drstein.at\/en\/wp-json\/wp\/v2\/types\/page"}],"author":[{"embeddable":true,"href":"https:\/\/drstein.at\/en\/wp-json\/wp\/v2\/users\/1"}],"replies":[{"embeddable":true,"href":"https:\/\/drstein.at\/en\/wp-json\/wp\/v2\/comments?post=848"}],"version-history":[{"count":4,"href":"https:\/\/drstein.at\/en\/wp-json\/wp\/v2\/pages\/848\/revisions"}],"predecessor-version":[{"id":2143,"href":"https:\/\/drstein.at\/en\/wp-json\/wp\/v2\/pages\/848\/revisions\/2143"}],"wp:featuredmedia":[{"embeddable":true,"href":"https:\/\/drstein.at\/en\/wp-json\/wp\/v2\/media\/1132"}],"wp:attachment":[{"href":"https:\/\/drstein.at\/en\/wp-json\/wp\/v2\/media?parent=848"}],"curies":[{"name":"wp","href":"https:\/\/api.w.org\/{rel}","templated":true}]}}